{"id":27947,"date":"2023-08-04T15:40:20","date_gmt":"2023-08-04T15:40:20","guid":{"rendered":"https:\/\/yraka.co\/?page_id=27947"},"modified":"2023-08-04T15:56:59","modified_gmt":"2023-08-04T15:56:59","slug":"espacios-de-arte-y-juego","status":"publish","type":"page","link":"https:\/\/yraka.co\/index.php\/espacios-de-arte-y-juego\/","title":{"rendered":"Espacios de arte y juego"},"content":{"rendered":"\t\t<div data-elementor-type=\"wp-page\" data-elementor-id=\"27947\" class=\"elementor elementor-27947\" data-elementor-settings=\"[]\">\n\t\t\t\t\t\t\t<div class=\"elementor-section-wrap\">\n\t\t\t\t\t\t\t<section class=\"elementor-section elementor-top-section elementor-element elementor-element-f86509f elementor-section-boxed elementor-section-height-default elementor-section-height-default\" data-id=\"f86509f\" data-element_type=\"section\">\n\t\t\t\t\t\t<div class=\"elementor-container elementor-column-gap-default\">\n\t\t\t\t\t<div class=\"elementor-column elementor-col-100 elementor-top-column elementor-element elementor-element-82d2fd4\" data-id=\"82d2fd4\" data-element_type=\"column\">\n\t\t\t<div class=\"elementor-widget-wrap elementor-element-populated\">\n\t\t\t\t\t\t\t\t<div class=\"elementor-element elementor-element-535dbc0 elementor-widget elementor-widget-heading\" data-id=\"535dbc0\" data-element_type=\"widget\" data-widget_type=\"heading.default\">\n\t\t\t\t<div class=\"elementor-widget-container\">\n\t\t\t<style>\/*! elementor - v3.5.3 - 28-12-2021 *\/\n.elementor-heading-title{padding:0;margin:0;line-height:1}.elementor-widget-heading .elementor-heading-title[class*=elementor-size-]>a{color:inherit;font-size:inherit;line-height:inherit}.elementor-widget-heading .elementor-heading-title.elementor-size-small{font-size:15px}.elementor-widget-heading .elementor-heading-title.elementor-size-medium{font-size:19px}.elementor-widget-heading .elementor-heading-title.elementor-size-large{font-size:29px}.elementor-widget-heading .elementor-heading-title.elementor-size-xl{font-size:39px}.elementor-widget-heading .elementor-heading-title.elementor-size-xxl{font-size:59px}<\/style><h2 class=\"elementor-heading-title elementor-size-default\">Rostros del mundo<\/h2>\t\t<\/div>\n\t\t\t\t<\/div>\n\t\t\t\t\t<\/div>\n\t\t<\/div>\n\t\t\t\t\t\t\t<\/div>\n\t\t<\/section>\n\t\t\t\t<section class=\"elementor-section elementor-top-section elementor-element elementor-element-e89b65a elementor-section-boxed elementor-section-height-default elementor-section-height-default\" data-id=\"e89b65a\" data-element_type=\"section\">\n\t\t\t\t\t\t<div class=\"elementor-container elementor-column-gap-default\">\n\t\t\t\t\t<div class=\"elementor-column elementor-col-100 elementor-top-column elementor-element elementor-element-d91befd\" data-id=\"d91befd\" data-element_type=\"column\">\n\t\t\t<div class=\"elementor-widget-wrap elementor-element-populated\">\n\t\t\t\t\t\t\t\t<div class=\"elementor-element elementor-element-00a0037 elementor-widget elementor-widget-text-editor\" data-id=\"00a0037\" data-element_type=\"widget\" data-widget_type=\"text-editor.default\">\n\t\t\t\t<div class=\"elementor-widget-container\">\n\t\t\t<style>\/*! elementor - v3.5.3 - 28-12-2021 *\/\n.elementor-widget-text-editor.elementor-drop-cap-view-stacked .elementor-drop-cap{background-color:#818a91;color:#fff}.elementor-widget-text-editor.elementor-drop-cap-view-framed .elementor-drop-cap{color:#818a91;border:3px solid;background-color:transparent}.elementor-widget-text-editor:not(.elementor-drop-cap-view-default) .elementor-drop-cap{margin-top:8px}.elementor-widget-text-editor:not(.elementor-drop-cap-view-default) .elementor-drop-cap-letter{width:1em;height:1em}.elementor-widget-text-editor .elementor-drop-cap{float:left;text-align:center;line-height:1;font-size:50px}.elementor-widget-text-editor .elementor-drop-cap-letter{display:inline-block}<\/style>\t\t\t\t<p>Reconocemos la diversidad humana, la importancia del respeto por el otro, garantizamos el derecho de todos a vivir experiencias culturales y educativas de calidad.<\/p>\t\t\t\t\t\t<\/div>\n\t\t\t\t<\/div>\n\t\t\t\t<div class=\"elementor-element elementor-element-232d9c4 elementor-widget elementor-widget-text-editor\" data-id=\"232d9c4\" data-element_type=\"widget\" data-widget_type=\"text-editor.default\">\n\t\t\t\t<div class=\"elementor-widget-container\">\n\t\t\t\t\t\t\t<div class=\"elementor-element elementor-element-4bf02a5b elementor-widget elementor-widget-heading\" data-id=\"4bf02a5b\" data-element_type=\"widget\" data-widget_type=\"heading.default\"><div class=\"elementor-widget-container\"><h4 class=\"elementor-heading-title elementor-size-default\">Nuestro modelo pedag\u00f3gico<\/h4><\/div><\/div><div class=\"elementor-element elementor-element-290fa7a0 elementor-widget elementor-widget-text-editor\" data-id=\"290fa7a0\" data-element_type=\"widget\" data-widget_type=\"text-editor.default\"><div class=\"elementor-widget-container\"><p>Una exclusiva colecci\u00f3n de mas de 120 m\u00e1scaras tra\u00eddas de todo el mundo como excusa terap\u00e9utica y actividades qu\u00e9 potencian la creatividad, la sensibilidad y el respeto por la diferencia.<\/p><p>Durante el recorrido se aprecian m\u00e1scaras y representativas de la cultura de los cinco continentes con un especial \u00e9nfasis en Colombia, una oportunidad para disfrutar su diversidad as\u00ed como la capacidad de los seres humanos para crear, expresar y comunicar ideas, pensamientos y sentimientos.<\/p><ul><li>Observar y contemplar<span class=\"Apple-converted-space\">\u00a0<\/span><\/li><li>Explorar y sensibilizar<\/li><li>Preguntar y reflexionar<\/li><li>Expresar y socializar para compartir la experiencia<\/li><\/ul><\/div><\/div>\t\t\t\t\t\t<\/div>\n\t\t\t\t<\/div>\n\t\t\t\t\t<\/div>\n\t\t<\/div>\n\t\t\t\t\t\t\t<\/div>\n\t\t<\/section>\n\t\t\t\t<section class=\"elementor-section elementor-top-section elementor-element elementor-element-3c35f04 elementor-section-boxed elementor-section-height-default elementor-section-height-default\" data-id=\"3c35f04\" data-element_type=\"section\">\n\t\t\t\t\t\t<div class=\"elementor-container elementor-column-gap-default\">\n\t\t\t\t\t<div class=\"elementor-column elementor-col-100 elementor-top-column elementor-element elementor-element-34456bb\" data-id=\"34456bb\" data-element_type=\"column\">\n\t\t\t<div class=\"elementor-widget-wrap\">\n\t\t\t\t\t\t\t\t\t<\/div>\n\t\t<\/div>\n\t\t\t\t\t\t\t<\/div>\n\t\t<\/section>\n\t\t\t\t<section class=\"elementor-section elementor-top-section elementor-element elementor-element-68140a0 elementor-section-boxed elementor-section-height-default elementor-section-height-default\" data-id=\"68140a0\" data-element_type=\"section\">\n\t\t\t\t\t\t<div class=\"elementor-container elementor-column-gap-default\">\n\t\t\t\t\t<div class=\"elementor-column elementor-col-100 elementor-top-column elementor-element elementor-element-72e383d\" data-id=\"72e383d\" data-element_type=\"column\">\n\t\t\t<div class=\"elementor-widget-wrap elementor-element-populated\">\n\t\t\t\t\t\t\t\t<div class=\"elementor-element elementor-element-4aaafd1 elementor-widget elementor-widget-heading\" data-id=\"4aaafd1\" data-element_type=\"widget\" data-widget_type=\"heading.default\">\n\t\t\t\t<div class=\"elementor-widget-container\">\n\t\t\t<h2 class=\"elementor-heading-title elementor-size-default\">Conoce algunas experiencias<\/h2>\t\t<\/div>\n\t\t\t\t<\/div>\n\t\t\t\t<div class=\"elementor-element elementor-element-5e25473 elementor-widget elementor-widget-heading\" data-id=\"5e25473\" data-element_type=\"widget\" data-widget_type=\"heading.default\">\n\t\t\t\t<div class=\"elementor-widget-container\">\n\t\t\t<h2 class=\"elementor-heading-title elementor-size-default\">Municipio del Cerrito, Santander<\/h2>\t\t<\/div>\n\t\t\t\t<\/div>\n\t\t\t\t\t<\/div>\n\t\t<\/div>\n\t\t\t\t\t\t\t<\/div>\n\t\t<\/section>\n\t\t\t\t<section class=\"elementor-section elementor-top-section elementor-element elementor-element-4221a2b elementor-section-boxed elementor-section-height-default elementor-section-height-default\" data-id=\"4221a2b\" data-element_type=\"section\">\n\t\t\t\t\t\t<div class=\"elementor-container elementor-column-gap-default\">\n\t\t\t\t\t<div class=\"elementor-column elementor-col-100 elementor-top-column elementor-element elementor-element-0e3b874\" data-id=\"0e3b874\" data-element_type=\"column\">\n\t\t\t<div class=\"elementor-widget-wrap elementor-element-populated\">\n\t\t\t\t\t\t\t\t<div class=\"elementor-element elementor-element-5832f3a elementor-widget elementor-widget-image\" data-id=\"5832f3a\" data-element_type=\"widget\" data-widget_type=\"image.default\">\n\t\t\t\t<div class=\"elementor-widget-container\">\n\t\t\t<style>\/*! elementor - v3.5.3 - 28-12-2021 *\/\n.elementor-widget-image{text-align:center}.elementor-widget-image a{display:inline-block}.elementor-widget-image a img[src$=\".svg\"]{width:48px}.elementor-widget-image img{vertical-align:middle;display:inline-block}<\/style>\t\t\t\t\t\t\t\t\t\t\t\t\t<a href=\"https:\/\/yraka.co\/wp-content\/uploads\/2023\/08\/Rostros-Cerrito.pdf\" target=\"_blank\">\n\t\t\t\t\t\t\t<img loading=\"lazy\" decoding=\"async\" width=\"640\" height=\"503\" src=\"https:\/\/yraka.co\/wp-content\/uploads\/2023\/08\/Captura-de-pantalla-2023-08-04-a-las-10.48.19-a.m-1024x804.webp\" class=\"attachment-large size-large\" alt=\"\" srcset=\"https:\/\/yraka.co\/wp-content\/uploads\/2023\/08\/Captura-de-pantalla-2023-08-04-a-las-10.48.19-a.m-1024x804.webp 1024w, https:\/\/yraka.co\/wp-content\/uploads\/2023\/08\/Captura-de-pantalla-2023-08-04-a-las-10.48.19-a.m-300x236.webp 300w, https:\/\/yraka.co\/wp-content\/uploads\/2023\/08\/Captura-de-pantalla-2023-08-04-a-las-10.48.19-a.m-768x603.webp 768w, https:\/\/yraka.co\/wp-content\/uploads\/2023\/08\/Captura-de-pantalla-2023-08-04-a-las-10.48.19-a.m-1536x1207.webp 1536w, https:\/\/yraka.co\/wp-content\/uploads\/2023\/08\/Captura-de-pantalla-2023-08-04-a-las-10.48.19-a.m.webp 1614w\" sizes=\"auto, (max-width: 640px) 100vw, 640px\" \/>\t\t\t\t\t\t\t\t<\/a>\n\t\t\t\t\t\t\t\t\t\t\t\t\t\t\t<\/div>\n\t\t\t\t<\/div>\n\t\t\t\t<div class=\"elementor-element elementor-element-b21a2aa elementor-widget elementor-widget-heading\" data-id=\"b21a2aa\" data-element_type=\"widget\" data-widget_type=\"heading.default\">\n\t\t\t\t<div class=\"elementor-widget-container\">\n\t\t\t<h2 class=\"elementor-heading-title elementor-size-default\"><a href=\"https:\/\/yraka.co\/wp-content\/uploads\/2023\/08\/Rostros-Cerrito.pdf\" target=\"_blank\">Descargar memor\u00edas<\/a><\/h2>\t\t<\/div>\n\t\t\t\t<\/div>\n\t\t\t\t\t<\/div>\n\t\t<\/div>\n\t\t\t\t\t\t\t<\/div>\n\t\t<\/section>\n\t\t\t\t<section class=\"elementor-section elementor-top-section elementor-element elementor-element-562bc8d elementor-section-boxed elementor-section-height-default elementor-section-height-default\" data-id=\"562bc8d\" data-element_type=\"section\">\n\t\t\t\t\t\t<div class=\"elementor-container elementor-column-gap-default\">\n\t\t\t\t\t<div class=\"elementor-column elementor-col-100 elementor-top-column elementor-element elementor-element-6c60547\" data-id=\"6c60547\" data-element_type=\"column\">\n\t\t\t<div class=\"elementor-widget-wrap elementor-element-populated\">\n\t\t\t\t\t\t\t\t<div class=\"elementor-element elementor-element-4e5d4be elementor-widget elementor-widget-spacer\" data-id=\"4e5d4be\" data-element_type=\"widget\" data-widget_type=\"spacer.default\">\n\t\t\t\t<div class=\"elementor-widget-container\">\n\t\t\t\t\t<div class=\"elementor-spacer\">\n\t\t\t<div class=\"elementor-spacer-inner\"><\/div>\n\t\t<\/div>\n\t\t\t\t<\/div>\n\t\t\t\t<\/div>\n\t\t\t\t\t<\/div>\n\t\t<\/div>\n\t\t\t\t\t\t\t<\/div>\n\t\t<\/section>\n\t\t\t\t<section class=\"elementor-section elementor-top-section elementor-element elementor-element-e192cfe elementor-section-boxed elementor-section-height-default elementor-section-height-default\" data-id=\"e192cfe\" data-element_type=\"section\">\n\t\t\t\t\t\t<div class=\"elementor-container elementor-column-gap-default\">\n\t\t\t\t\t<div class=\"elementor-column elementor-col-100 elementor-top-column elementor-element elementor-element-3bc0f6c\" data-id=\"3bc0f6c\" data-element_type=\"column\">\n\t\t\t<div class=\"elementor-widget-wrap elementor-element-populated\">\n\t\t\t\t\t\t\t\t<div class=\"elementor-element elementor-element-70e97c9 elementor-widget elementor-widget-spacer\" data-id=\"70e97c9\" data-element_type=\"widget\" data-widget_type=\"spacer.default\">\n\t\t\t\t<div class=\"elementor-widget-container\">\n\t\t\t\t\t<div class=\"elementor-spacer\">\n\t\t\t<div class=\"elementor-spacer-inner\"><\/div>\n\t\t<\/div>\n\t\t\t\t<\/div>\n\t\t\t\t<\/div>\n\t\t\t\t\t<\/div>\n\t\t<\/div>\n\t\t\t\t\t\t\t<\/div>\n\t\t<\/section>\n\t\t\t\t<section class=\"elementor-section elementor-top-section elementor-element elementor-element-1321bf7 elementor-section-boxed elementor-section-height-default elementor-section-height-default\" data-id=\"1321bf7\" data-element_type=\"section\">\n\t\t\t\t\t\t<div class=\"elementor-container elementor-column-gap-default\">\n\t\t\t\t\t<div class=\"elementor-column elementor-col-100 elementor-top-column elementor-element elementor-element-f9d079f\" data-id=\"f9d079f\" data-element_type=\"column\">\n\t\t\t<div class=\"elementor-widget-wrap elementor-element-populated\">\n\t\t\t\t\t\t\t\t<div class=\"elementor-element elementor-element-9b024a8 elementor-widget elementor-widget-spacer\" data-id=\"9b024a8\" data-element_type=\"widget\" data-widget_type=\"spacer.default\">\n\t\t\t\t<div class=\"elementor-widget-container\">\n\t\t\t\t\t<div class=\"elementor-spacer\">\n\t\t\t<div class=\"elementor-spacer-inner\"><\/div>\n\t\t<\/div>\n\t\t\t\t<\/div>\n\t\t\t\t<\/div>\n\t\t\t\t\t<\/div>\n\t\t<\/div>\n\t\t\t\t\t\t\t<\/div>\n\t\t<\/section>\n\t\t\t\t\t\t<\/div>\n\t\t\t\t\t<\/div>\n\t\t","protected":false},"excerpt":{"rendered":"<p>Rostros del mundo Reconocemos la diversidad humana, la importancia del respeto por el otro, garantizamos el derecho de todos a vivir experiencias culturales y educativas de calidad. Nuestro modelo pedag\u00f3gico Una exclusiva colecci\u00f3n de mas de 120 m\u00e1scaras tra\u00eddas de todo el mundo como excusa terap\u00e9utica y actividades qu\u00e9 potencian la creatividad, la sensibilidad y el respeto por la diferencia. [&hellip;]<\/p>\n","protected":false},"author":1,"featured_media":0,"parent":0,"menu_order":0,"comment_status":"closed","ping_status":"closed","template":"elementor_canvas","meta":{"footnotes":""},"class_list":["post-27947","page","type-page","status-publish","hentry"],"_links":{"self":[{"href":"https:\/\/yraka.co\/index.php\/wp-json\/wp\/v2\/pages\/27947","targetHints":{"allow":["GET"]}}],"collection":[{"href":"https:\/\/yraka.co\/index.php\/wp-json\/wp\/v2\/pages"}],"about":[{"href":"https:\/\/yraka.co\/index.php\/wp-json\/wp\/v2\/types\/page"}],"author":[{"embeddable":true,"href":"https:\/\/yraka.co\/index.php\/wp-json\/wp\/v2\/users\/1"}],"replies":[{"embeddable":true,"href":"https:\/\/yraka.co\/index.php\/wp-json\/wp\/v2\/comments?post=27947"}],"version-history":[{"count":20,"href":"https:\/\/yraka.co\/index.php\/wp-json\/wp\/v2\/pages\/27947\/revisions"}],"predecessor-version":[{"id":27971,"href":"https:\/\/yraka.co\/index.php\/wp-json\/wp\/v2\/pages\/27947\/revisions\/27971"}],"wp:attachment":[{"href":"https:\/\/yraka.co\/index.php\/wp-json\/wp\/v2\/media?parent=27947"}],"curies":[{"name":"wp","href":"https:\/\/api.w.org\/{rel}","templated":true}]}}