{"id":28620,"date":"2025-05-06T04:29:32","date_gmt":"2025-05-06T04:29:32","guid":{"rendered":"https:\/\/yraka.co\/?page_id=28620"},"modified":"2025-05-08T16:32:50","modified_gmt":"2025-05-08T16:32:50","slug":"historia","status":"publish","type":"page","link":"https:\/\/yraka.co\/index.php\/historia\/","title":{"rendered":"Historia"},"content":{"rendered":"\t\t<div data-elementor-type=\"wp-page\" data-elementor-id=\"28620\" class=\"elementor elementor-28620\" data-elementor-settings=\"[]\">\n\t\t\t\t\t\t\t<div class=\"elementor-section-wrap\">\n\t\t\t\t\t\t\t<section class=\"elementor-section elementor-top-section elementor-element elementor-element-33d36b9 elementor-section-full_width elementor-section-height-min-height elementor-section-stretched elementor-section-height-default elementor-section-items-middle\" data-id=\"33d36b9\" data-element_type=\"section\" data-settings=\"{&quot;stretch_section&quot;:&quot;section-stretched&quot;}\">\n\t\t\t\t\t\t\t<div class=\"elementor-background-overlay\"><\/div>\n\t\t\t\t\t\t\t<div class=\"elementor-container elementor-column-gap-default\">\n\t\t\t\t\t<div class=\"elementor-column elementor-col-100 elementor-top-column elementor-element elementor-element-46bdacb\" data-id=\"46bdacb\" data-element_type=\"column\">\n\t\t\t<div class=\"elementor-widget-wrap elementor-element-populated\">\n\t\t\t\t\t\t\t\t<div class=\"elementor-element elementor-element-f79efaf elementor-widget elementor-widget-heading\" data-id=\"f79efaf\" data-element_type=\"widget\" data-widget_type=\"heading.default\">\n\t\t\t\t<div class=\"elementor-widget-container\">\n\t\t\t<style>\/*! elementor - v3.5.3 - 28-12-2021 *\/\n.elementor-heading-title{padding:0;margin:0;line-height:1}.elementor-widget-heading .elementor-heading-title[class*=elementor-size-]>a{color:inherit;font-size:inherit;line-height:inherit}.elementor-widget-heading .elementor-heading-title.elementor-size-small{font-size:15px}.elementor-widget-heading .elementor-heading-title.elementor-size-medium{font-size:19px}.elementor-widget-heading .elementor-heading-title.elementor-size-large{font-size:29px}.elementor-widget-heading .elementor-heading-title.elementor-size-xl{font-size:39px}.elementor-widget-heading .elementor-heading-title.elementor-size-xxl{font-size:59px}<\/style><h2 class=\"elementor-heading-title elementor-size-default\">Nuestra historia<\/h2>\t\t<\/div>\n\t\t\t\t<\/div>\n\t\t\t\t\t<\/div>\n\t\t<\/div>\n\t\t\t\t\t\t\t<\/div>\n\t\t<\/section>\n\t\t\t\t<section class=\"elementor-section elementor-top-section elementor-element elementor-element-467d74b elementor-section-boxed elementor-section-height-default elementor-section-height-default\" data-id=\"467d74b\" data-element_type=\"section\">\n\t\t\t\t\t\t<div class=\"elementor-container elementor-column-gap-default\">\n\t\t\t\t\t<div class=\"elementor-column elementor-col-100 elementor-top-column elementor-element elementor-element-9763a61\" data-id=\"9763a61\" data-element_type=\"column\">\n\t\t\t<div class=\"elementor-widget-wrap elementor-element-populated\">\n\t\t\t\t\t\t\t\t<div class=\"elementor-element elementor-element-502f888 elementor-position-left elementor-vertical-align-top elementor-widget elementor-widget-image-box\" data-id=\"502f888\" data-element_type=\"widget\" data-widget_type=\"image-box.default\">\n\t\t\t\t<div class=\"elementor-widget-container\">\n\t\t\t<style>\/*! elementor - v3.5.3 - 28-12-2021 *\/\n.elementor-widget-image-box .elementor-image-box-content{width:100%}@media (min-width:768px){.elementor-widget-image-box.elementor-position-left .elementor-image-box-wrapper,.elementor-widget-image-box.elementor-position-right .elementor-image-box-wrapper{display:-webkit-box;display:-ms-flexbox;display:flex}.elementor-widget-image-box.elementor-position-right .elementor-image-box-wrapper{text-align:right;-webkit-box-orient:horizontal;-webkit-box-direction:reverse;-ms-flex-direction:row-reverse;flex-direction:row-reverse}.elementor-widget-image-box.elementor-position-left .elementor-image-box-wrapper{text-align:left;-webkit-box-orient:horizontal;-webkit-box-direction:normal;-ms-flex-direction:row;flex-direction:row}.elementor-widget-image-box.elementor-position-top .elementor-image-box-img{margin:auto}.elementor-widget-image-box.elementor-vertical-align-top .elementor-image-box-wrapper{-webkit-box-align:start;-ms-flex-align:start;align-items:flex-start}.elementor-widget-image-box.elementor-vertical-align-middle .elementor-image-box-wrapper{-webkit-box-align:center;-ms-flex-align:center;align-items:center}.elementor-widget-image-box.elementor-vertical-align-bottom .elementor-image-box-wrapper{-webkit-box-align:end;-ms-flex-align:end;align-items:flex-end}}@media (max-width:767px){.elementor-widget-image-box .elementor-image-box-img{margin-left:auto!important;margin-right:auto!important;margin-bottom:15px}}.elementor-widget-image-box .elementor-image-box-img{display:inline-block}.elementor-widget-image-box .elementor-image-box-title a{color:inherit}.elementor-widget-image-box .elementor-image-box-wrapper{text-align:center}.elementor-widget-image-box .elementor-image-box-description{margin:0}<\/style><div class=\"elementor-image-box-wrapper\"><figure class=\"elementor-image-box-img\"><img loading=\"lazy\" decoding=\"async\" width=\"600\" height=\"600\" src=\"https:\/\/yraka.co\/wp-content\/uploads\/2025\/05\/kek.webp\" class=\"attachment-full size-full\" alt=\"\" \/><\/figure><div class=\"elementor-image-box-content\"><h3 class=\"elementor-image-box-title\">De una idea universitaria a un referente social<\/h3><p class=\"elementor-image-box-description\">En el a\u00f1o\u202f2000, dos estudiantes de psicolog\u00eda decidieron transformar la teor\u00eda en acci\u00f3n y fundaron Yraka para llevar programas sociales innovadores a las comunidades que m\u00e1s lo necesitaban\u202f<\/p><\/div><\/div>\t\t<\/div>\n\t\t\t\t<\/div>\n\t\t\t\t<div class=\"elementor-element elementor-element-7b50cf5 elementor-position-left elementor-vertical-align-top elementor-widget elementor-widget-image-box\" data-id=\"7b50cf5\" data-element_type=\"widget\" data-widget_type=\"image-box.default\">\n\t\t\t\t<div class=\"elementor-widget-container\">\n\t\t\t<div class=\"elementor-image-box-wrapper\"><figure class=\"elementor-image-box-img\"><img loading=\"lazy\" decoding=\"async\" width=\"600\" height=\"600\" src=\"https:\/\/yraka.co\/wp-content\/uploads\/2025\/05\/ot5.webp\" class=\"attachment-full size-full\" alt=\"\" \/><\/figure><div class=\"elementor-image-box-content\"><h3 class=\"elementor-image-box-title\">Crecimiento con prop\u00f3sito<\/h3><p class=\"elementor-image-box-description\">En sus primeros a\u00f1os, la Corporaci\u00f3n se expandi\u00f3 r\u00e1pidamente por varios departamentos de Colombia, tejiendo alianzas con entidades p\u00fablicas y privadas y fortaleciendo un modelo de gesti\u00f3n flexible que combina rigor t\u00e9cnico e imaginaci\u00f3n<\/p><\/div><\/div>\t\t<\/div>\n\t\t\t\t<\/div>\n\t\t\t\t<div class=\"elementor-element elementor-element-e876a9f elementor-position-left elementor-vertical-align-top elementor-widget elementor-widget-image-box\" data-id=\"e876a9f\" data-element_type=\"widget\" data-widget_type=\"image-box.default\">\n\t\t\t\t<div class=\"elementor-widget-container\">\n\t\t\t<div class=\"elementor-image-box-wrapper\"><figure class=\"elementor-image-box-img\"><img loading=\"lazy\" decoding=\"async\" width=\"600\" height=\"600\" src=\"https:\/\/yraka.co\/wp-content\/uploads\/2025\/05\/5t.webp\" class=\"attachment-full size-full\" alt=\"\" \/><\/figure><div class=\"elementor-image-box-content\"><h3 class=\"elementor-image-box-title\">ADN Yraka<\/h3><p class=\"elementor-image-box-description\">Hoy sumamos 25\u202fa\u00f1os dise\u00f1ando y operando iniciativas de alto impacto en primera infancia, educaci\u00f3n, familia y comunidad. Nuestro historial incluye:<\/p><\/div><\/div>\t\t<\/div>\n\t\t\t\t<\/div>\n\t\t\t\t<div class=\"elementor-element elementor-element-63d3dbf elementor-position-left elementor-vertical-align-top elementor-widget elementor-widget-image-box\" data-id=\"63d3dbf\" data-element_type=\"widget\" data-widget_type=\"image-box.default\">\n\t\t\t\t<div class=\"elementor-widget-container\">\n\t\t\t<div class=\"elementor-image-box-wrapper\"><figure class=\"elementor-image-box-img\"><img loading=\"lazy\" decoding=\"async\" width=\"600\" height=\"600\" src=\"https:\/\/yraka.co\/wp-content\/uploads\/2025\/05\/4.webp\" class=\"attachment-full size-full\" alt=\"\" \/><\/figure><div class=\"elementor-image-box-content\"><h3 class=\"elementor-image-box-title\">Impacto que se multiplica<\/h3><p class=\"elementor-image-box-description\">Desde el inicio nos gu\u00edan tres pilares:\n\t1. Innovaci\u00f3n social: soluciones creativas y pertinentes.\n\t2.\t\u00c9tica y transparencia: rendici\u00f3n de cuentas en cada paso.\n\t3.\tCompromiso comunitario: participaci\u00f3n real para lograr cambios duraderos<\/p><\/div><\/div>\t\t<\/div>\n\t\t\t\t<\/div>\n\t\t\t\t\t<\/div>\n\t\t<\/div>\n\t\t\t\t\t\t\t<\/div>\n\t\t<\/section>\n\t\t\t\t<section class=\"elementor-section elementor-top-section elementor-element elementor-element-24a2f84 elementor-section-boxed elementor-section-height-default elementor-section-height-default\" data-id=\"24a2f84\" data-element_type=\"section\">\n\t\t\t\t\t\t\t<div class=\"elementor-background-overlay\"><\/div>\n\t\t\t\t\t\t\t<div class=\"elementor-container elementor-column-gap-default\">\n\t\t\t\t\t<div class=\"elementor-column elementor-col-100 elementor-top-column elementor-element elementor-element-f5584c7\" data-id=\"f5584c7\" data-element_type=\"column\" data-settings=\"{&quot;background_background&quot;:&quot;classic&quot;}\">\n\t\t\t<div class=\"elementor-widget-wrap elementor-element-populated\">\n\t\t\t\t\t\t\t\t<div class=\"elementor-element elementor-element-bac755c elementor-widget elementor-widget-heading\" data-id=\"bac755c\" data-element_type=\"widget\" data-widget_type=\"heading.default\">\n\t\t\t\t<div class=\"elementor-widget-container\">\n\t\t\t<h2 class=\"elementor-heading-title elementor-size-default\">Mirando al futuro<\/h2>\t\t<\/div>\n\t\t\t\t<\/div>\n\t\t\t\t<div class=\"elementor-element elementor-element-d664a47 elementor-widget elementor-widget-heading\" data-id=\"d664a47\" data-element_type=\"widget\" data-widget_type=\"heading.default\">\n\t\t\t\t<div class=\"elementor-widget-container\">\n\t\t\t<h2 class=\"elementor-heading-title elementor-size-default\">Nuestra meta es seguir ampliando el alcance territorial y fortalecer alianzas institucionales para multiplicar el impacto en Colombia y Latinoam\u00e9rica, manteniendo la calidad t\u00e9cnica y la calidez humana que nos caracteriza\u202f<\/h2>\t\t<\/div>\n\t\t\t\t<\/div>\n\t\t\t\t\t<\/div>\n\t\t<\/div>\n\t\t\t\t\t\t\t<\/div>\n\t\t<\/section>\n\t\t\t\t\t\t<\/div>\n\t\t\t\t\t<\/div>\n\t\t","protected":false},"excerpt":{"rendered":"<p>Nuestra historia De una idea universitaria a un referente social En el a\u00f1o\u202f2000, dos estudiantes de psicolog\u00eda decidieron transformar la teor\u00eda en acci\u00f3n y fundaron Yraka para llevar programas sociales innovadores a las comunidades que m\u00e1s lo necesitaban\u202f Crecimiento con prop\u00f3sito En sus primeros a\u00f1os, la Corporaci\u00f3n se expandi\u00f3 r\u00e1pidamente por varios departamentos de Colombia, tejiendo alianzas con entidades p\u00fablicas [&hellip;]<\/p>\n","protected":false},"author":1,"featured_media":0,"parent":0,"menu_order":0,"comment_status":"closed","ping_status":"closed","template":"elementor_header_footer","meta":{"footnotes":""},"class_list":["post-28620","page","type-page","status-publish","hentry"],"_links":{"self":[{"href":"https:\/\/yraka.co\/index.php\/wp-json\/wp\/v2\/pages\/28620","targetHints":{"allow":["GET"]}}],"collection":[{"href":"https:\/\/yraka.co\/index.php\/wp-json\/wp\/v2\/pages"}],"about":[{"href":"https:\/\/yraka.co\/index.php\/wp-json\/wp\/v2\/types\/page"}],"author":[{"embeddable":true,"href":"https:\/\/yraka.co\/index.php\/wp-json\/wp\/v2\/users\/1"}],"replies":[{"embeddable":true,"href":"https:\/\/yraka.co\/index.php\/wp-json\/wp\/v2\/comments?post=28620"}],"version-history":[{"count":85,"href":"https:\/\/yraka.co\/index.php\/wp-json\/wp\/v2\/pages\/28620\/revisions"}],"predecessor-version":[{"id":29590,"href":"https:\/\/yraka.co\/index.php\/wp-json\/wp\/v2\/pages\/28620\/revisions\/29590"}],"wp:attachment":[{"href":"https:\/\/yraka.co\/index.php\/wp-json\/wp\/v2\/media?parent=28620"}],"curies":[{"name":"wp","href":"https:\/\/api.w.org\/{rel}","templated":true}]}}